{"id":11711,"date":"2020-09-18T16:26:16","date_gmt":"2020-09-18T13:26:16","guid":{"rendered":"https:\/\/yenader.org\/?page_id=11711"},"modified":"2020-10-21T16:59:43","modified_gmt":"2020-10-21T13:59:43","slug":"uyelik","status":"publish","type":"page","link":"https:\/\/yenader.org\/tr_tr\/uyelik\/","title":{"rendered":"\u00dcyelik \u0130\u00e7in Gerekli Bilgiler"},"content":{"rendered":"<p>[vc_row][vc_column][vc_custom_heading text=&#8221;Dernek \u00dcyeli\u011fi Ba\u015fvuru Formu ve Gerekli Belgeler&#8221; use_theme_fonts=&#8221;yes&#8221;][vc_column_text]<strong>\u00dcYEL\u0130K \u0130\u00c7\u0130N GEREKL\u0130 BELGELER<\/strong><\/p>\n<p>1- Dernek ba\u015fvuru formu:\u00a0Formu y\u00fcklemek i\u00e7in l\u00fctfen <a href=\"https:\/\/yenader.org\/wp-content\/uploads\/2020\/09\/UYELIK-BASVURU-DILEKCESI.doc\">t\u0131klay\u0131n\u0131z&#8230;<\/a><br \/>\n2- 1 adet vesikal\u0131k foto\u011fraf,<br \/>\n3- \u00c7al\u0131\u015fanlar i\u00e7in i\u015fyeri kimli\u011finin arkal\u0131 \u00f6nl\u00fc fotokopisi<br \/>\n4- N\u00fcfus ka\u011f\u0131d\u0131n\u0131z\u0131n arkal\u0131 \u00f6nl\u00fc fotokopisi,<\/p>\n<p>\u0130stenen belgeleri tamamlayan meslekta\u015flar\u0131m\u0131z\u0131n \u00fcyelik i\u015flemleri belgelerin dernek merkezine ve <a href=\"mailto:info@yenader.org\">info@yenader.org<\/a> adresine ula\u015fmas\u0131ndan sonra ba\u015flat\u0131lacakt\u0131r.<\/p>\n<p><strong>BELGELER\u0130N\u0130Z\u0130 G\u00d6NDERECE\u011e\u0130N\u0130Z ADRES\u0130M\u0130Z<br \/>\n<\/strong><br \/>\nYENADER<br \/>\nAdres : Cevizli Mahallesi Tugay Yolu Caddesi No:8 Maltepe \/ \u0130STANBUL[\/vc_column_text][\/vc_column][\/vc_row]<\/p>\n","protected":false},"excerpt":{"rendered":"<p>[vc_row][vc_column][vc_custom_heading text=&#8221;Dernek \u00dcyeli\u011fi Ba\u015fvuru Formu ve Gerekli Belgeler&#8221; use_theme_fonts=&#8221;yes&#8221;][vc_column_text]\u00dcYEL\u0130K \u0130\u00c7\u0130N GEREKL\u0130 BELGELER 1- Dernek ba\u015fvuru formu:\u00a0Formu y\u00fcklemek i\u00e7in l\u00fctfen t\u0131klay\u0131n\u0131z&#8230; 2- 1 adet vesikal\u0131k foto\u011fraf, 3- \u00c7al\u0131\u015fanlar i\u00e7in i\u015fyeri kimli\u011finin arkal\u0131 \u00f6nl\u00fc fotokopisi 4- N\u00fcfus ka\u011f\u0131d\u0131n\u0131z\u0131n arkal\u0131 \u00f6nl\u00fc fotokopisi, \u0130stenen belgeleri tamamlayan meslekta\u015flar\u0131m\u0131z\u0131n \u00fcyelik i\u015flemleri belgelerin dernek merkezine ve info@yenader.org adresine ula\u015fmas\u0131ndan sonra ba\u015flat\u0131lacakt\u0131r. BELGELER\u0130N\u0130Z\u0130 [&hellip;]<\/p>\n","protected":false},"author":1,"featured_media":0,"parent":0,"menu_order":0,"comment_status":"closed","ping_status":"closed","template":"","meta":[],"acf":[],"_links":{"self":[{"href":"https:\/\/yenader.org\/tr_tr\/wp-json\/wp\/v2\/pages\/11711"}],"collection":[{"href":"https:\/\/yenader.org\/tr_tr\/wp-json\/wp\/v2\/pages"}],"about":[{"href":"https:\/\/yenader.org\/tr_tr\/wp-json\/wp\/v2\/types\/page"}],"author":[{"embeddable":true,"href":"https:\/\/yenader.org\/tr_tr\/wp-json\/wp\/v2\/users\/1"}],"replies":[{"embeddable":true,"href":"https:\/\/yenader.org\/tr_tr\/wp-json\/wp\/v2\/comments?post=11711"}],"version-history":[{"count":5,"href":"https:\/\/yenader.org\/tr_tr\/wp-json\/wp\/v2\/pages\/11711\/revisions"}],"predecessor-version":[{"id":11831,"href":"https:\/\/yenader.org\/tr_tr\/wp-json\/wp\/v2\/pages\/11711\/revisions\/11831"}],"wp:attachment":[{"href":"https:\/\/yenader.org\/tr_tr\/wp-json\/wp\/v2\/media?parent=11711"}],"curies":[{"name":"wp","href":"https:\/\/api.w.org\/{rel}","templated":true}]}}