{"id":11400,"date":"2020-08-17T16:41:33","date_gmt":"2020-08-17T13:41:33","guid":{"rendered":"https:\/\/yenader.org\/?page_id=11400"},"modified":"2020-10-23T11:00:31","modified_gmt":"2020-10-23T08:00:31","slug":"manifesto","status":"publish","type":"page","link":"https:\/\/yenader.org\/tr_tr\/manifesto\/","title":{"rendered":"Manifesto"},"content":{"rendered":"<p>[vc_row css_animation=&#8221;slideInUp&#8221; cspt-responsive-css=&#8221;48165944|colbreak_no|||||||||colbreak_no|||||||||colbreak_no||10||10||||||colbreak_no|||||||||&#8221;][vc_column][vc_custom_heading text=&#8221;YEN\u0130LENEB\u0130L\u0130R ENERJ\u0130 ARA\u015eTIRMALARI DERNE\u011e\u0130 MAN\u0130FESTOMUZ&#8221; font_container=&#8221;tag:h2|text_align:center&#8221; use_theme_fonts=&#8221;yes&#8221;][vc_column_text css=&#8221;.vc_custom_1599206958941{margin-top: 30px !important;}&#8221;]\u2022Yenilenebilir enerji kaynaklar\u0131n\u0131n kullan\u0131m\u0131n\u0131n yayg\u0131nla\u015ft\u0131r\u0131lmas\u0131 ve geli\u015ftirilmesine katk\u0131 sa\u011flamak<br \/>\n\u2022Enerji verimlili\u011fi hakk\u0131nda bilin\u00e7lendirme \u00e7al\u0131\u015fmalar\u0131 ger\u00e7ekle\u015ftirmek<br \/>\n\u2022Do\u011fal \u00e7evrenin korunmas\u0131, yenilenebilir enerji kaynaklar\u0131n\u0131n verimli, yayg\u0131n kullan\u0131m\u0131 ve \u00fclke ekonomisine katk\u0131s\u0131 konusunda kamuoyu olu\u015fturmak[\/vc_column_text][\/vc_column][\/vc_row]<\/p>\n","protected":false},"excerpt":{"rendered":"<p>[vc_row css_animation=&#8221;slideInUp&#8221; cspt-responsive-css=&#8221;48165944|colbreak_no|||||||||colbreak_no|||||||||colbreak_no||10||10||||||colbreak_no|||||||||&#8221;][vc_column][vc_custom_heading text=&#8221;YEN\u0130LENEB\u0130L\u0130R ENERJ\u0130 ARA\u015eTIRMALARI DERNE\u011e\u0130 MAN\u0130FESTOMUZ&#8221; font_container=&#8221;tag:h2|text_align:center&#8221; use_theme_fonts=&#8221;yes&#8221;][vc_column_text css=&#8221;.vc_custom_1599206958941{margin-top: 30px !important;}&#8221;]\u2022Yenilenebilir enerji kaynaklar\u0131n\u0131n kullan\u0131m\u0131n\u0131n yayg\u0131nla\u015ft\u0131r\u0131lmas\u0131 ve geli\u015ftirilmesine katk\u0131 sa\u011flamak \u2022Enerji verimlili\u011fi hakk\u0131nda bilin\u00e7lendirme \u00e7al\u0131\u015fmalar\u0131 ger\u00e7ekle\u015ftirmek \u2022Do\u011fal \u00e7evrenin korunmas\u0131, yenilenebilir enerji kaynaklar\u0131n\u0131n verimli, yayg\u0131n kullan\u0131m\u0131 ve \u00fclke ekonomisine katk\u0131s\u0131 konusunda kamuoyu olu\u015fturmak[\/vc_column_text][\/vc_column][\/vc_row]<\/p>\n","protected":false},"author":2,"featured_media":0,"parent":0,"menu_order":0,"comment_status":"closed","ping_status":"closed","template":"","meta":[],"acf":[],"_links":{"self":[{"href":"https:\/\/yenader.org\/tr_tr\/wp-json\/wp\/v2\/pages\/11400"}],"collection":[{"href":"https:\/\/yenader.org\/tr_tr\/wp-json\/wp\/v2\/pages"}],"about":[{"href":"https:\/\/yenader.org\/tr_tr\/wp-json\/wp\/v2\/types\/page"}],"author":[{"embeddable":true,"href":"https:\/\/yenader.org\/tr_tr\/wp-json\/wp\/v2\/users\/2"}],"replies":[{"embeddable":true,"href":"https:\/\/yenader.org\/tr_tr\/wp-json\/wp\/v2\/comments?post=11400"}],"version-history":[{"count":8,"href":"https:\/\/yenader.org\/tr_tr\/wp-json\/wp\/v2\/pages\/11400\/revisions"}],"predecessor-version":[{"id":11665,"href":"https:\/\/yenader.org\/tr_tr\/wp-json\/wp\/v2\/pages\/11400\/revisions\/11665"}],"wp:attachment":[{"href":"https:\/\/yenader.org\/tr_tr\/wp-json\/wp\/v2\/media?parent=11400"}],"curies":[{"name":"wp","href":"https:\/\/api.w.org\/{rel}","templated":true}]}}