{"id":11354,"date":"2020-08-15T16:24:57","date_gmt":"2020-08-15T13:24:57","guid":{"rendered":"https:\/\/yenader.org\/?page_id=11354"},"modified":"2021-09-24T17:42:59","modified_gmt":"2021-09-24T14:42:59","slug":"mevzuatlar","status":"publish","type":"page","link":"https:\/\/yenader.org\/tr_tr\/mevzuatlar\/","title":{"rendered":"Mevzuatlar"},"content":{"rendered":"<p>[vc_row css_animation=&#8221;slideInUp&#8221; cspt-responsive-css=&#8221;41246466|colbreak_no|||||||||colbreak_no|||||||||colbreak_no||||||10||10||colbreak_no|||||||||&#8221;][vc_column][vc_custom_heading text=&#8221;Yenilenebilir Enerji Ara\u015ft\u0131rmalar\u0131 Derne\u011fi Mevzuatlar&#8221; font_container=&#8221;tag:h2|text_align:center&#8221; use_theme_fonts=&#8221;yes&#8221; css=&#8221;.vc_custom_1597498013007{padding-bottom: 20px !important;}&#8221;][vc_column_text]<\/p>\n<h5><strong>KANUN<\/strong><\/h5>\n<p>6446-ELEKTR\u0130K P\u0130YASASI KANUNU<br \/>\n<a href=\"http:\/\/www.yegm.gov.tr\/yenilenebilir\/document\/6446%20SAYILI%20KANUN.pdf\">Dosyay\u0131 \u0130ndir<\/a><\/p>\n<p>5346-YEN\u0130LENEB\u0130L\u0130R ENERJ\u0130 KAYNAKLARININ ELEKTR\u0130K ENERJ\u0130S\u0130 \u00dcRET\u0130M\u0130 AMA\u00c7LI KULLANIMINA \u0130L\u0130\u015eK\u0130N KANUN<br \/>\n<a href=\"http:\/\/www.yegm.gov.tr\/yenilenebilir\/document\/2-Kanun-5346-YEN%C4%B0LENEB%C4%B0L%C4%B0R%20ENERJ%C4%B0%20KAYNAKLARININ%20ELEKTR%C4%B0K%20ENERJ%C4%B0S%C4%B0%20%C3%9CRET%C4%B0M%C4%B0%20AMA%C3%87LI%20KULLANIMINA%20%C4%B0L%C4%B0%C5%9EK%C4%B0N%20KANUN.doc\">Dosyay\u0131 \u0130ndir<\/a><\/p>\n<p>JEOTERMAL KAYNAKLAR VE DO\u011eAL M\u0130NERALL\u0130 SULAR KANUNU<br \/>\n<a href=\"http:\/\/www.yegm.gov.tr\/yenilenebilir\/document\/3-Kanun-JEOTERMAL%20KAYNAKLAR%20VE%20DO%C4%9EAL%20M%C4%B0NERALL%C4%B0%20SULAR%20KANUNU.doc\">Dosyay\u0131 \u0130ndir<\/a><\/p>\n<h5><strong>Y\u00d6NETMEL\u0130K<\/strong><\/h5>\n<p>ELEKTR\u0130K P\u0130YASASI L\u0130SANS Y\u00d6NETMEL\u0130\u011e\u0130<br \/>\n<a href=\"http:\/\/www.mevzuat.gov.tr\/Metin.Aspx?MevzuatKod=7.5.18985&amp;MevzuatIliski=0&amp;sourceXmlSearch=elektrik%20piyasas%C4%B1\">Dosyay\u0131 \u0130ndir<\/a><\/p>\n<p>ELEKTR\u0130K P\u0130YASASINDA L\u0130SANSSIZ ELEKTR\u0130K \u00dcRET\u0130M\u0130NE \u0130L\u0130\u015eK\u0130N Y\u00d6NETMEL\u0130K<br \/>\n<a href=\"http:\/\/www.yegm.gov.tr\/yenilenebilir\/document\/L%C4%B0SANSSIZ%20Y%C3%96NETMEL%C4%B0%C4%9E%C4%B0.pdf\">Dosyay\u0131 \u0130ndir<\/a><\/p>\n<p>YEN\u0130LENEB\u0130L\u0130R ENERJ\u0130 KAYNAKLARININ BELGELEND\u0130R\u0130LMES\u0130 VE DESTEKLENMES\u0130NE \u0130L\u0130\u015eK\u0130N Y\u00d6NETMEL\u0130K<br \/>\n<a href=\"http:\/\/www.yegm.gov.tr\/yenilenebilir\/document\/YEKDEM%20Y%C3%96NETMEL%C4%B0%C4%9E%C4%B0.pdf\">Dosyay\u0131 \u0130ndir<\/a><\/p>\n<p>ELEKTR\u0130K DEPOLAMA TES\u0130SLER\u0130N\u0130N TEKN\u0130K KR\u0130TERLER\u0130<br \/>\n<a href=\"https:\/\/www.teias.gov.tr\/tr-TR\/haberler\/elektrik-depolama-tesislerinin-teknik-kriterleri-hakkinda-duyuru\" target=\"_blank\" rel=\"noopener\">Dosyay\u0131 \u0130ndir<\/a><\/p>\n<p>R\u00dcZGAR KAYNA\u011eINA DAYALI ELEKTR\u0130K \u00dcRET\u0130M\u0130 BA\u015eVURULARININ TEKN\u0130K DE\u011eERLEND\u0130RMES\u0130 HAKKINDA Y\u00d6NETMEL\u0130K<br \/>\n<a href=\"http:\/\/www.yegm.gov.tr\/yenilenebilir\/document\/R%C3%9CZGAR%20TDY.pdf\">Dosyay\u0131 \u0130ndir<\/a><\/p>\n<p>G\u00dcNE\u015e ENERJ\u0130S\u0130NE DAYALI ELEKTR\u0130K \u00dcRET\u0130M\u0130 BA\u015eVURULARININ TEKN\u0130K DE\u011eERLEND\u0130RMES\u0130 HAKKINDA Y\u00d6NETMEL\u0130K<br \/>\n<a href=\"http:\/\/www.yegm.gov.tr\/yenilenebilir\/document\/G%C3%9CNE%C5%9E%20TDY.pdf\">Dosyay\u0131 \u0130ndir<\/a><\/p>\n<p>YEN\u0130LENEB\u0130L\u0130R ENERJ\u0130 KAYNAK ALANLARI Y\u00d6NETMEL\u0130\u011e\u0130<br \/>\n<a href=\"http:\/\/www.yegm.gov.tr\/yenilenebilir\/document\/YEKA%20Y%C3%96NETMEL%C4%B0%C4%9E%C4%B0.pdf\">Dosyay\u0131 \u0130ndir<\/a><\/p>\n<p>YEN\u0130LENEB\u0130L\u0130R ENERJ\u0130 KAYNAKLARINDAN ELEKTR\u0130K ENERJ\u0130S\u0130 \u00dcRETEN TES\u0130SLERDE KULLANILAN YERL\u0130 AKSAMIN DESTEKLENMES\u0130 HAKKINDA Y\u00d6NETMEL\u0130K<br \/>\n<a href=\"http:\/\/www.mevzuat.gov.tr\/Metin.Aspx?MevzuatKod=7.5.22600&amp;MevzuatIliski=0&amp;sourceXmlSearch=yerli\">Dosyay\u0131 \u0130ndir<\/a><\/p>\n<p>R\u00dcZGAR VEYA G\u00dcNE\u015e ENERJ\u0130S\u0130NE DAYALI \u00dcRET\u0130M TES\u0130S\u0130 KURMAK \u00dcZERE YAPILAN \u00d6NL\u0130SANS BA\u015eVURULARINA \u0130L\u0130\u015eK\u0130N YARI\u015eMA Y\u00d6NETMEL\u0130\u011e\u0130<br \/>\n<a href=\"http:\/\/www.yegm.gov.tr\/yenilenebilir\/document\/YARI%C5%9EMA%20Y%C3%96NETMEL%C4%B0%C4%9E%C4%B0.pdf\">Dosyay\u0131 \u0130ndir<\/a><\/p>\n<p>ELEKTR\u0130K ENERJ\u0130S\u0130 \u00dcRET\u0130M\u0130NE Y\u00d6NEL\u0130K JEOTERMAL KAYNAK ALANLARININ KULLANIMINA DA\u0130R Y\u00d6NETMEL\u0130K<br \/>\n<a href=\"http:\/\/www.yegm.gov.tr\/yenilenebilir\/document\/12-%20Y-ELEKTR%C4%B0K%20ENERJ%C4%B0S%C4%B0%20%C3%9CRET%C4%B0M%C4%B0NE%20Y%C3%96NEL%C4%B0K%20JEOTERMAL%20KAYNAK%20ALANLARININ%20KULLANIMINA%20DA%C4%B0R%20Y%C3%96NETMEL%C4%B0K.doc\">Dosyay\u0131 \u0130ndir<\/a><\/p>\n<p>JEOTERMAL KAYNAKLAR VE DO\u011eAL M\u0130NERALL\u0130 SULAR KANUNU UYGULAMA Y\u00d6NETMEL\u0130\u011e\u0130<br \/>\n<a href=\"http:\/\/www.yegm.gov.tr\/yenilenebilir\/document\/13-%20Y-JEOTERMAL%20KAYNAKLAR%20VE%20DO%C4%9EAL%20M%C4%B0NERALL%C4%B0%20SULAR%20KANUNU%20UYGULAMA%20Y%C3%96NETMEL%C4%B0%C4%9E%C4%B0.doc\">Dosyay\u0131 \u0130ndir<\/a><\/p>\n<p>ENERJ\u0130 SEKT\u00d6R\u00dc ARA\u015eTIRMA-GEL\u0130\u015eT\u0130RME PROJELER\u0130 DESTEKLEME PROGRAMINA (ENAR) DA\u0130R Y\u00d6NETMEL\u0130K<br \/>\n<a href=\"http:\/\/www.yegm.gov.tr\/yenilenebilir\/document\/14-Y-ENERJ%C4%B0%20SEKT%C3%96R%C3%9C%20ARA%C5%9ETIRMA-GEL%C4%B0%C5%9ET%C4%B0RME%20PROJELER%C4%B0%20DESTEKLEME%20PROGRAMINA%20(ENAR)%20DA%C4%B0R%20Y%C3%96NETMEL%C4%B0K.doc\">Dosyay\u0131 \u0130ndir<\/a><\/p>\n<p>R\u00dcZGAR ENERJ\u0130S\u0130 SANTRALLER\u0130N\u0130N R\u00dcZGAR G\u00dcC\u00dc \u0130ZLEME VE TAHM\u0130N MERKEZ\u0130NE BA\u011eLANMASI HAKKINDA Y\u00d6NETMEL\u0130K<br \/>\n<a href=\"http:\/\/www.yegm.gov.tr\/yenilenebilir\/document\/R%C3%BCzgar%20Enerjisi%20Santrallerinin%20R%C3%BCzgar%20G%C3%BCc%C3%BC%20%C4%B0zleme%20ve%20Tahmin%20Merkezine%20Ba%C4%9Flanmas%C4%B1%20Hakk%C4%B1nda%20Y%C3%B6netmelik.doc\">Dosyay\u0131 \u0130ndir<\/a><\/p>\n<h5><strong>TEBL\u0130\u011e<\/strong><\/h5>\n<p>R\u00dcZGAR VE G\u00dcNE\u015e ENERJ\u0130S\u0130NE DAYALI \u00d6NL\u0130SANS BA\u015eVURULARI \u0130\u00c7\u0130N YAPILACAK R\u00dcZGAR VE G\u00dcNE\u015e \u00d6L\u00c7\u00dcMLER\u0130 UYGULAMALARINA DA\u0130R TEBL\u0130\u011e<br \/>\n<a href=\"http:\/\/www.yegm.gov.tr\/yenilenebilir\/document\/15-T-R%C3%9CZGAR%20VE%20G%C3%9CNE%C5%9E%20ENERJ%C4%B0S%C4%B0NE%20DAYALI%20%C3%96NL%C4%B0SANS%20BA%C5%9EVURULARI%20%C4%B0%C3%87%C4%B0N%20YAPILACAK%20R%C3%9CZGAR%20VE%20G%C3%9CNE%C5%9E%20%C3%96L%C3%87%C3%9CMLER%C4%B0%20UYGULAMALARINA%20DA%C4%B0R%20TEBL%C4%B0%C4%9E.doc\">Dosyay\u0131 \u0130ndir<\/a><\/p>\n<p>ELEKTR\u0130K P\u0130YASASINDA L\u0130SANSSIZ ELEKTR\u0130K \u00dcRET\u0130M\u0130NE \u0130L\u0130\u015eK\u0130N Y\u00d6NETMEL\u0130\u011e\u0130N UYGULANMASINA DA\u0130R TEBL\u0130\u011e<br \/>\n<a href=\"http:\/\/www.yegm.gov.tr\/yenilenebilir\/document\/L%C4%B0SANSSIZ%20TEBL%C4%B0%C4%9E%C4%B0.pdf\">Dosyay\u0131 \u0130ndir<\/a>[\/vc_column_text][\/vc_column][\/vc_row]<\/p>\n","protected":false},"excerpt":{"rendered":"<p>[vc_row css_animation=&#8221;slideInUp&#8221; cspt-responsive-css=&#8221;41246466|colbreak_no|||||||||colbreak_no|||||||||colbreak_no||||||10||10||colbreak_no|||||||||&#8221;][vc_column][vc_custom_heading text=&#8221;Yenilenebilir Enerji Ara\u015ft\u0131rmalar\u0131 Derne\u011fi Mevzuatlar&#8221; font_container=&#8221;tag:h2|text_align:center&#8221; use_theme_fonts=&#8221;yes&#8221; css=&#8221;.vc_custom_1597498013007{padding-bottom: 20px !important;}&#8221;][vc_column_text] KANUN 6446-ELEKTR\u0130K P\u0130YASASI KANUNU Dosyay\u0131 \u0130ndir 5346-YEN\u0130LENEB\u0130L\u0130R ENERJ\u0130 KAYNAKLARININ ELEKTR\u0130K ENERJ\u0130S\u0130 \u00dcRET\u0130M\u0130 AMA\u00c7LI KULLANIMINA \u0130L\u0130\u015eK\u0130N KANUN Dosyay\u0131 \u0130ndir JEOTERMAL KAYNAKLAR VE DO\u011eAL M\u0130NERALL\u0130 SULAR KANUNU Dosyay\u0131 \u0130ndir Y\u00d6NETMEL\u0130K ELEKTR\u0130K P\u0130YASASI L\u0130SANS Y\u00d6NETMEL\u0130\u011e\u0130 Dosyay\u0131 \u0130ndir ELEKTR\u0130K P\u0130YASASINDA L\u0130SANSSIZ ELEKTR\u0130K \u00dcRET\u0130M\u0130NE \u0130L\u0130\u015eK\u0130N Y\u00d6NETMEL\u0130K Dosyay\u0131 [&hellip;]<\/p>\n","protected":false},"author":2,"featured_media":0,"parent":0,"menu_order":0,"comment_status":"closed","ping_status":"closed","template":"","meta":[],"acf":[],"_links":{"self":[{"href":"https:\/\/yenader.org\/tr_tr\/wp-json\/wp\/v2\/pages\/11354"}],"collection":[{"href":"https:\/\/yenader.org\/tr_tr\/wp-json\/wp\/v2\/pages"}],"about":[{"href":"https:\/\/yenader.org\/tr_tr\/wp-json\/wp\/v2\/types\/page"}],"author":[{"embeddable":true,"href":"https:\/\/yenader.org\/tr_tr\/wp-json\/wp\/v2\/users\/2"}],"replies":[{"embeddable":true,"href":"https:\/\/yenader.org\/tr_tr\/wp-json\/wp\/v2\/comments?post=11354"}],"version-history":[{"count":6,"href":"https:\/\/yenader.org\/tr_tr\/wp-json\/wp\/v2\/pages\/11354\/revisions"}],"predecessor-version":[{"id":13509,"href":"https:\/\/yenader.org\/tr_tr\/wp-json\/wp\/v2\/pages\/11354\/revisions\/13509"}],"wp:attachment":[{"href":"https:\/\/yenader.org\/tr_tr\/wp-json\/wp\/v2\/media?parent=11354"}],"curies":[{"name":"wp","href":"https:\/\/api.w.org\/{rel}","templated":true}]}}