{"id":11071,"date":"2020-08-07T18:59:07","date_gmt":"2020-08-07T15:59:07","guid":{"rendered":"https:\/\/yenader.org\/?page_id=11071"},"modified":"2020-10-23T11:05:27","modified_gmt":"2020-10-23T08:05:27","slug":"meslek-etik-ilkeleri","status":"publish","type":"page","link":"https:\/\/yenader.org\/tr_tr\/meslek-etik-ilkeleri\/","title":{"rendered":"Meslek Etik \u0130lkeleri"},"content":{"rendered":"<p>[vc_row css_animation=&#8221;slideInUp&#8221; cspt-responsive-css=&#8221;76773184|colbreak_no|||||||||colbreak_no|||||||||colbreak_no||||||10||10||colbreak_no|||||||||&#8221;][vc_column][vc_custom_heading text=&#8221;YEN\u0130LENEB\u0130L\u0130R ENERJ\u0130 ARA\u015eTIRMALARI DERNE\u011e\u0130 MESLEK ET\u0130K \u0130LKELER\u0130 TEMEL \u0130LKELER\u0130M\u0130Z&#8221; font_container=&#8221;tag:h2|font_size:32|text_align:center&#8221; use_theme_fonts=&#8221;yes&#8221; css=&#8221;.vc_custom_1596816049449{padding-bottom: 50px !important;}&#8221;][vc_column_text]<\/p>\n<h4><strong>DE\u011eERLER\u0130M\u0130Z<\/strong><\/h4>\n<p>\u0130\u015flerimizi, mesle\u011fimizin bir \u00e7\u00f6z\u00fcm \u00fcretme mesle\u011fi oldu\u011funun ve bunun getirdi\u011fi sorumluluklar\u0131n bilinciyle y\u00fcr\u00fct\u00fcr\u00fcz. Bu \u00e7\u00f6z\u00fcmler yoluyla d\u0131\u015f ticaretin \u00f6n\u00fcn\u00fc a\u00e7ar, \u00fclke kalk\u0131nmas\u0131nda \u00f6nemli bir rol \u00fcstleniriz.<\/p>\n<p>\u00dclke kaynaklar\u0131n\u0131n etkin ve verimli kullan\u0131m\u0131 ile tarafs\u0131zl\u0131k ilkeleri mesle\u011fimizi tan\u0131mlayan en \u00f6nemli de\u011ferler aras\u0131ndad\u0131r.<\/p>\n<p>\u015eeffafl\u0131k, adillik, sorumluluk ve hesap verebilirlik ilkeleri mesle\u011fimizin t\u00fcm karar mekanizmalar\u0131n\u0131n \u00f6z\u00fcn\u00fc olu\u015fturur.<\/p>\n<p>M\u00fc\u015fteri, payda\u015f, meslekta\u015f ve \u00e7al\u0131\u015fanlar\u0131m\u0131za a\u00e7\u0131k ve d\u00fcr\u00fcst davran\u0131r\u0131z. Mesle\u011fimizin i\u015ftigal konusuyla alakal\u0131 olarak; i\u015f takiplerinde etik kurallara uygun olarak hareket edece\u011fimizi bilir ve uygular\u0131z.<\/p>\n<p>Dolayl\u0131 temsil etti\u011fimiz m\u00fc\u015fterilerimizin ticari, \u00f6zel bilgilerinin ve s\u0131rlar\u0131n\u0131n korunmas\u0131nda, sorumluluk ve duyarl\u0131l\u0131k g\u00f6steririz.<\/p>\n<p>Bilgilerimizi i\u015f d\u00fcnyas\u0131 ile a\u00e7\u0131kl\u0131kla payla\u015f\u0131r\u0131z. Bu bilgilerin do\u011fruyu yans\u0131tmas\u0131na \u00f6zel bir \u00f6zen g\u00f6steririz.<\/p>\n<p>S\u00fcrekli geli\u015fim ve ilerlemeye inan\u0131r, kendimizi ve bilgimizi s\u00fcrekli yeniler g\u00fcncel tutar\u0131z.<\/p>\n<h4><strong>ET\u0130K KURALLARIMIZ<\/strong><\/h4>\n<p>Etik kurallar\u0131m\u0131z, YENADER\u2019in ofislerinin y\u00f6netim organlar\u0131n\u0131n \u00e7al\u0131\u015fma prensipleri ile payda\u015f ili\u015fkilerini d\u00fczenleyen kurallar b\u00fct\u00fcn\u00fcd\u00fcr. Bu kurallar derne\u011fimiz \u00fcyesi t\u00fcm meslekta\u015flar\u0131m\u0131z i\u00e7in meslek standartlar\u0131n\u0131 belirleyen temel etik ilkeler niteli\u011findedir.<\/p>\n<h4><strong>B\u0130RB\u0130R\u0130M\u0130ZE G\u00dcVEN VE SAYGI<\/strong><\/h4>\n<p>YENADER\u2019in \u00fcyeleri adil rekabet ilkelerine sadakatle ba\u011fl\u0131d\u0131r ve mesle\u011fin geli\u015fimi i\u00e7in ortak \u00e7al\u0131\u015fmalar yapmak \u00fczere g\u00f6n\u00fcll\u00fcl\u00fck esas\u0131 ile dernek \u00e7at\u0131s\u0131 alt\u0131nda \u00e7al\u0131\u015f\u0131r.<\/p>\n<p>Dernek y\u00f6netim organlar\u0131, komiteleri, komisyon ve \u00e7al\u0131\u015fma gruplar\u0131ndaki \u00e7al\u0131\u015fmalar\u0131m\u0131z\u0131 kar\u015f\u0131l\u0131kl\u0131 g\u00fcven ve farkl\u0131 g\u00f6r\u00fc\u015flere sayg\u0131 ile y\u00fcr\u00fct\u00fcr\u00fcz. Karar ve \u00f6nerilerimiz uyumlu bir \u00e7al\u0131\u015fma sonucunda ula\u015f\u0131lm\u0131\u015f ortak akl\u0131 yans\u0131t\u0131r.<\/p>\n<p>\u0130leti\u015fimim sorumlulu\u011fumuzu zaman\u0131nda, a\u00e7\u0131k ve do\u011frulukla yerine getiririz. A\u00e7\u0131k ve do\u011fru geri bildirimleri iyi kar\u015f\u0131lar, sayg\u0131 g\u00f6sterir ve d\u00fcr\u00fcst\u00e7e yan\u0131tlar\u0131z.<\/p>\n<h4><strong>BA\u015eKALARINA SAYGI, KES\u0130N D\u00dcR\u00dcSTL\u00dcK VE A\u00c7IKLIK<\/strong><\/h4>\n<p>T\u00fcm d\u0131\u015f payda\u015flar\u0131m\u0131za kar\u015f\u0131 a\u00e7\u0131k ve d\u00fcr\u00fcst davran\u0131r\u0131z. Ya\u015f, cinsiyet, dil, \u0131rk, inan\u00e7, siyasi d\u00fc\u015f\u00fcnce ayr\u0131mc\u0131l\u0131\u011f\u0131 yapmay\u0131z. \u00c7e\u015fitlili\u011fi ve \u00e7o\u011fulculu\u011fu benimseriz. D\u00fc\u015f\u00fcnce \u00f6zg\u00fcrl\u00fc\u011f\u00fcne inan\u0131r\u0131z ve destekleriz.<\/p>\n<p>T\u00fcm faaliyetlerimizde \u015feffafl\u0131\u011f\u0131, adilli\u011fi, sorumlulu\u011fu ve hesap verebilirli\u011fi temel ilkeler olarak benimseriz.<\/p>\n<h4><strong>HUKUKA SAYGI VE YASALARA UYUMLULUK<\/strong><\/h4>\n<p>T\u00fcm kurum faaliyetlerimizde, T\u00fcrkiye Cumhuriyeti Anayasas\u0131 ba\u015fta olmak \u00fczere, tabi oldu\u011fumuz t\u00fcm ulusal mevzuata ve T\u00fcrkiye Cumhuriyeti\u2019nin taraf oldu\u011fu t\u00fcm uluslararas\u0131 anla\u015fmalar ve d\u00fczenlemelere uyar\u0131z.<\/p>\n<p>Yurt i\u00e7i ve yurt d\u0131\u015f\u0131nda mevcut t\u00fcm faaliyet ve i\u015flemlerimizi y\u00fcr\u00fct\u00fcrken yasal d\u00fczenleyici kurum ve kurulu\u015flara do\u011fru, tam ve anla\u015f\u0131labilen ifadeler kullan\u0131r\u0131z.<\/p>\n<h4><strong>TOPLUMSAL SORUMLULUK VE G\u00d6N\u00dcLL\u00dcL\u00dcK<\/strong><\/h4>\n<p>T\u00fcm faaliyetlerimizde toplum faydas\u0131n\u0131 g\u00f6zeterek hareket ederiz.<\/p>\n<h4><strong>\u00c7EVREYE DUYARLILIK<\/strong><\/h4>\n<p>S\u00fcrd\u00fcr\u00fclebilirlik politikalar\u0131n\u0131 t\u00fcm idare ve \u00fcretim s\u00fcre\u00e7lerimizde etkin bir bi\u00e7imde uygular, \u00e7evreye zarar vermeyen \u00f6nleyici yakla\u015f\u0131mlar\u0131 destekleriz. Daha etkin bir \u00e7evre sorumlulu\u011funun yayg\u0131nla\u015ft\u0131r\u0131lmas\u0131 i\u00e7in \u00e7aba g\u00f6sterir ve bu y\u00f6ndeki \u00e7abalara destek veririz.<\/p>\n<h4><strong>\u00dcST SEV\u0130YEDE SAH\u0130PLENME VE \u00d6RNEK DAVRANI\u015eLAR SERG\u0130LEME<\/strong><\/h4>\n<p>T\u00fcm faaliyetlerimizde, misyonumuzu, temel de\u011ferlerimizi ve etik kurallar\u0131m\u0131z\u0131 rehber edinerek etik ve itibar y\u00f6netimini, i\u00e7inde bulundu\u011fumuz topluma olumlu \u00f6rnek olu\u015fturabilecek seviyede sahiplenir ve sergileriz. Bu anlay\u0131\u015f\u0131m\u0131z\u0131 ve kimli\u011fimizi olumsuz etkileyecek fiil ve davran\u0131\u015flardan dikkatle ka\u00e7\u0131n\u0131r\u0131z.<\/p>\n<h4><strong>G\u0130ZL\u0130L\u0130\u011eE SAYGI VE K\u0130\u015e\u0130SEL B\u0130LG\u0130LER\u0130 KORUMA<\/strong><\/h4>\n<p>Payda\u015flar\u0131m\u0131za ve bizimle ileti\u015fime ge\u00e7en \u00f6zel ve t\u00fczel \u015fah\u0131slara kar\u015f\u0131, kendi gizlilik tercihlerine ili\u015fkin se\u00e7enekler sunar ve bu tercihlerine sayg\u0131 g\u00f6steririz. Ki\u015fisel bilgileri yaln\u0131zca me\u015fru dernek ama\u00e7lar\u0131 i\u00e7in kullan\u0131r\u0131z.<\/p>\n<h4><strong>VARLIKLARIMIZIN AKILCI \u015eEK\u0130LDE KULLANIMI<\/strong><\/h4>\n<p>Zaman da d\u00e2hil olmak \u00fczere t\u00fcm \u015firket varl\u0131klar\u0131n\u0131 planl\u0131 ve etkin bi\u00e7imde kullanmaya \u00f6zen g\u00f6steririz. \u015eirket varl\u0131klar\u0131n\u0131 sadece \u015firket faaliyetleri i\u00e7in kullan\u0131r\u0131z.<\/p>\n<h4><strong>\u00c7IKAR \u00c7ATI\u015eMALARINDAN KA\u00c7INMA<\/strong><\/h4>\n<p>T\u00fcm faaliyetlerimizde ve kat\u0131l\u0131mlar\u0131m\u0131zda \u00f6ncelikle mesle\u011fimizin \u00e7\u0131kar\u0131na ve itibar\u0131n\u0131n korunmas\u0131na en uygun kararlar\u0131 alarak \u00e7al\u0131\u015f\u0131r ve katk\u0131da bulunuruz.<\/p>\n<h4><strong>TEMS\u0130L AKT\u0130V\u0130TELER\u0130, HED\u0130YE, R\u00dc\u015eVET<\/strong><\/h4>\n<p>Temsil aktivitelerini (kutlama, ziyafet, a\u011f\u0131rlama) yaln\u0131zca yasalara, t\u00fcz\u00fc\u011f\u00fcm\u00fczde yer alan faaliyetlerimize ve etik kurallar\u0131m\u0131za uygun oldu\u011funda sunar veya kabul ederiz. Herhangi bir i\u015fi almak veya bir i\u015f karar\u0131n\u0131 etkilemek i\u00e7in hi\u00e7bir yerde hi\u00e7bir \u015fekilde hediye, r\u00fc\u015fvet veya komisyon teklif etmeyiz veya vermeyiz.<\/p>\n<h4><strong>\u00c7EVREM\u0130ZLE VE MEDYAYLA D\u00dcR\u00dcST \u0130L\u0130\u015eK\u0130 VE \u0130LET\u0130\u015e\u0130M<\/strong><\/h4>\n<p>Derne\u011fimizin sitesinden \u00fcyelerimiz ve kamuoyu ile mesleki faaliyetlerimizi payla\u015f\u0131r, yerel ve ulusal medya ile bu konuda i\u015fbirli\u011fi yapar\u0131z. \u0130\u015f ve sosyal \u00e7evremizde mesle\u011fimizin etik de\u011ferlerini tan\u0131tmaya ve bilinirli\u011fini art\u0131rmaya \u00e7al\u0131\u015f\u0131r\u0131z. Ki\u015fisel sosyal ve politik g\u00f6r\u00fc\u015flerimizin ve faaliyetlerimizin meslek grubumuzun tamam\u0131na aitmi\u015f gibi alg\u0131lanmas\u0131na veya g\u00f6r\u00fcnmesine engel olacak bi\u00e7imde davran\u0131r\u0131z.[\/vc_column_text][\/vc_column][\/vc_row]<\/p>\n","protected":false},"excerpt":{"rendered":"<p>[vc_row css_animation=&#8221;slideInUp&#8221; cspt-responsive-css=&#8221;76773184|colbreak_no|||||||||colbreak_no|||||||||colbreak_no||||||10||10||colbreak_no|||||||||&#8221;][vc_column][vc_custom_heading text=&#8221;YEN\u0130LENEB\u0130L\u0130R ENERJ\u0130 ARA\u015eTIRMALARI DERNE\u011e\u0130 MESLEK ET\u0130K \u0130LKELER\u0130 TEMEL \u0130LKELER\u0130M\u0130Z&#8221; font_container=&#8221;tag:h2|font_size:32|text_align:center&#8221; use_theme_fonts=&#8221;yes&#8221; css=&#8221;.vc_custom_1596816049449{padding-bottom: 50px !important;}&#8221;][vc_column_text] DE\u011eERLER\u0130M\u0130Z \u0130\u015flerimizi, mesle\u011fimizin bir \u00e7\u00f6z\u00fcm \u00fcretme mesle\u011fi oldu\u011funun ve bunun getirdi\u011fi sorumluluklar\u0131n bilinciyle y\u00fcr\u00fct\u00fcr\u00fcz. Bu \u00e7\u00f6z\u00fcmler yoluyla d\u0131\u015f ticaretin \u00f6n\u00fcn\u00fc a\u00e7ar, \u00fclke kalk\u0131nmas\u0131nda \u00f6nemli bir rol \u00fcstleniriz. \u00dclke kaynaklar\u0131n\u0131n etkin ve verimli kullan\u0131m\u0131 ile tarafs\u0131zl\u0131k ilkeleri mesle\u011fimizi tan\u0131mlayan [&hellip;]<\/p>\n","protected":false},"author":2,"featured_media":0,"parent":0,"menu_order":0,"comment_status":"closed","ping_status":"closed","template":"","meta":[],"acf":[],"_links":{"self":[{"href":"https:\/\/yenader.org\/tr_tr\/wp-json\/wp\/v2\/pages\/11071"}],"collection":[{"href":"https:\/\/yenader.org\/tr_tr\/wp-json\/wp\/v2\/pages"}],"about":[{"href":"https:\/\/yenader.org\/tr_tr\/wp-json\/wp\/v2\/types\/page"}],"author":[{"embeddable":true,"href":"https:\/\/yenader.org\/tr_tr\/wp-json\/wp\/v2\/users\/2"}],"replies":[{"embeddable":true,"href":"https:\/\/yenader.org\/tr_tr\/wp-json\/wp\/v2\/comments?post=11071"}],"version-history":[{"count":8,"href":"https:\/\/yenader.org\/tr_tr\/wp-json\/wp\/v2\/pages\/11071\/revisions"}],"predecessor-version":[{"id":11507,"href":"https:\/\/yenader.org\/tr_tr\/wp-json\/wp\/v2\/pages\/11071\/revisions\/11507"}],"wp:attachment":[{"href":"https:\/\/yenader.org\/tr_tr\/wp-json\/wp\/v2\/media?parent=11071"}],"curies":[{"name":"wp","href":"https:\/\/api.w.org\/{rel}","templated":true}]}}