{"id":10852,"date":"2020-08-05T16:14:19","date_gmt":"2020-08-05T13:14:19","guid":{"rendered":"https:\/\/yenader.org\/?page_id=10852"},"modified":"2020-08-18T11:24:45","modified_gmt":"2020-08-18T08:24:45","slug":"misyon-vizyon","status":"publish","type":"page","link":"https:\/\/yenader.org\/tr_tr\/misyon-vizyon\/","title":{"rendered":"Misyon Vizyon"},"content":{"rendered":"<p>[vc_row css_animation=&#8221;slideInUp&#8221; cspt-responsive-css=&#8221;56754183|colbreak_no|||||||||colbreak_no|||||||||colbreak_no||||||10||10||colbreak_no|||||||||&#8221;][vc_column css=&#8221;.vc_custom_1597496616877{padding-bottom: 20px !important;}&#8221;][vc_custom_heading text=&#8221;YEN\u0130LENEB\u0130L\u0130R ENERJ\u0130 ARA\u015eTIRMALARI DERNE\u011e\u0130&#8221; font_container=&#8221;tag:h2|text_align:center&#8221; use_theme_fonts=&#8221;yes&#8221;][\/vc_column][\/vc_row][vc_row css_animation=&#8221;slideInUp&#8221; cspt-responsive-css=&#8221;48626230|colbreak_no|||||||||colbreak_no|||||||||colbreak_no||||||10||10||colbreak_no|||||||||&#8221;][vc_column][vc_column_text]<\/p>\n<h4><strong>Misyon<\/strong><\/h4>\n<p>T\u00fcm d\u00fcnyada artan n\u00fcfusa ve geli\u015fen teknolojiye ba\u011fl\u0131 olarak enerjiye olan ihtiya\u00e7 her ge\u00e7en g\u00fcn daha da artmaktad\u0131r. Fosil yak\u0131t kaynaklar\u0131n\u0131n k\u0131s\u0131tl\u0131 olmas\u0131 ve \u00e7evreye verdi\u011fi zarar g\u00f6z \u00f6n\u00fcne al\u0131nd\u0131\u011f\u0131nda temiz enerji olarak bilinen yenilenebilir enerjinin \u00f6nemi bir kez daha g\u00f6zler \u00f6n\u00fcne serilmektedir.<br \/>\nDi\u011fer yandan, fosil yak\u0131tlar\u0131n havaya sald\u0131\u011f\u0131 karbondioksit y\u00fcz\u00fcnden d\u00fcnya her ge\u00e7en g\u00fcn daha da kirlenmektedir. Ve ayr\u0131ca artan sera gazlar\u0131 emisyonu nedeniyle iklim de\u011fi\u015fiklikleri ya\u015fanmakta bu da k\u00fcresel \u0131s\u0131nma olgusunu beraberinde getirmektedir. T\u00fcm bu sonu\u00e7lar neticesinde ise d\u00fcnyam\u0131z ciddi \u00e7evre felaketleri ile kar\u015f\u0131 kar\u015f\u0131ya kalmaktad\u0131r.<br \/>\nYa\u015fan\u0131lan t\u00fcm bu tehditlere kar\u015f\u0131, YEN\u0130LENEB\u0130L\u0130R ENERJ\u0130 ARA\u015eTIRMALARI DERNE\u011e\u0130\u2019N\u0130N misyonu \u00fclkemizin yenilenebilir enerji kaynaklar\u0131 alan\u0131nda mevcut potansiyelini ortaya koymak, temiz ve milli enerji bilincinin olu\u015fmas\u0131n\u0131 sa\u011flamak, bu bilinci yaymak ve s\u00fcrekli k\u0131labilmektir.<\/p>\n<h4><strong>Vizyon<\/strong><\/h4>\n<p>Mevcut t\u00fcm bu sebeplerle YEN\u0130LENEB\u0130L\u0130R ENERJ\u0130 ARA\u015eTIRMALARI DERNE\u011e\u0130\u2019N\u0130N amac\u0131; artan enerji ihtiyac\u0131n\u0131 kar\u015f\u0131larken ya\u015fanabilir daha temiz bir d\u00fcnya i\u00e7in temiz ve milli enerji kaynaklar\u0131 olan yenilenebilir enerji kaynaklar\u0131n\u0131n kullan\u0131m\u0131 konusunda toplumsal bilinci art\u0131rmak, \u00fclkemizin mevcut yenilenebilir enerji kaynaklar\u0131n\u0131n potansiyelinin ortaya \u00e7\u0131karmak, enerji alan\u0131nda \u00fclkemizin d\u0131\u015fa ba\u011f\u0131ml\u0131l\u0131\u011f\u0131n\u0131 azaltarak cari a\u00e7\u0131\u011f\u0131n\u0131n kapat\u0131lmas\u0131na yard\u0131mc\u0131 olmak ad\u0131na \u00e7al\u0131\u015fmalar ger\u00e7ekle\u015ftirmek ve bu hususta her kesimle i\u015f birli\u011fi yapmak, bilin\u00e7lendirmek, bilgilendirme ve e\u011fitim seminerleri d\u00fczenlemek, \u00e7\u00f6z\u00fcmler \u00fcretmek ve ortak \u00e7aba g\u00f6stermektir.[\/vc_column_text][\/vc_column][\/vc_row]<\/p>\n","protected":false},"excerpt":{"rendered":"<p>[vc_row css_animation=&#8221;slideInUp&#8221; cspt-responsive-css=&#8221;56754183|colbreak_no|||||||||colbreak_no|||||||||colbreak_no||||||10||10||colbreak_no|||||||||&#8221;][vc_column css=&#8221;.vc_custom_1597496616877{padding-bottom: 20px !important;}&#8221;][vc_custom_heading text=&#8221;YEN\u0130LENEB\u0130L\u0130R ENERJ\u0130 ARA\u015eTIRMALARI DERNE\u011e\u0130&#8221; font_container=&#8221;tag:h2|text_align:center&#8221; use_theme_fonts=&#8221;yes&#8221;][\/vc_column][\/vc_row][vc_row css_animation=&#8221;slideInUp&#8221; cspt-responsive-css=&#8221;48626230|colbreak_no|||||||||colbreak_no|||||||||colbreak_no||||||10||10||colbreak_no|||||||||&#8221;][vc_column][vc_column_text] Misyon T\u00fcm d\u00fcnyada artan n\u00fcfusa ve geli\u015fen teknolojiye ba\u011fl\u0131 olarak enerjiye olan ihtiya\u00e7 her ge\u00e7en g\u00fcn daha da artmaktad\u0131r. Fosil yak\u0131t kaynaklar\u0131n\u0131n k\u0131s\u0131tl\u0131 olmas\u0131 ve \u00e7evreye verdi\u011fi zarar g\u00f6z \u00f6n\u00fcne al\u0131nd\u0131\u011f\u0131nda temiz enerji olarak bilinen yenilenebilir enerjinin \u00f6nemi bir kez daha [&hellip;]<\/p>\n","protected":false},"author":2,"featured_media":0,"parent":0,"menu_order":0,"comment_status":"closed","ping_status":"closed","template":"","meta":[],"acf":[],"_links":{"self":[{"href":"https:\/\/yenader.org\/tr_tr\/wp-json\/wp\/v2\/pages\/10852"}],"collection":[{"href":"https:\/\/yenader.org\/tr_tr\/wp-json\/wp\/v2\/pages"}],"about":[{"href":"https:\/\/yenader.org\/tr_tr\/wp-json\/wp\/v2\/types\/page"}],"author":[{"embeddable":true,"href":"https:\/\/yenader.org\/tr_tr\/wp-json\/wp\/v2\/users\/2"}],"replies":[{"embeddable":true,"href":"https:\/\/yenader.org\/tr_tr\/wp-json\/wp\/v2\/comments?post=10852"}],"version-history":[{"count":7,"href":"https:\/\/yenader.org\/tr_tr\/wp-json\/wp\/v2\/pages\/10852\/revisions"}],"predecessor-version":[{"id":11345,"href":"https:\/\/yenader.org\/tr_tr\/wp-json\/wp\/v2\/pages\/10852\/revisions\/11345"}],"wp:attachment":[{"href":"https:\/\/yenader.org\/tr_tr\/wp-json\/wp\/v2\/media?parent=10852"}],"curies":[{"name":"wp","href":"https:\/\/api.w.org\/{rel}","templated":true}]}}