{"id":10599,"date":"2020-07-29T14:34:39","date_gmt":"2020-07-29T11:34:39","guid":{"rendered":"http:\/\/yenader.org\/?page_id=10599"},"modified":"2020-08-18T11:22:52","modified_gmt":"2020-08-18T08:22:52","slug":"biyokutle-enerjisi-nedir","status":"publish","type":"page","link":"https:\/\/yenader.org\/tr_tr\/biyokutle-enerjisi-nedir\/","title":{"rendered":"Biyok\u00fctle Enerjisi Nedir?"},"content":{"rendered":"<p>[vc_row][vc_column][vc_column_text]<\/p>\n<h2>Biyok\u00fctle Enerjisi Nedir?<\/h2>\n<p style=\"text-align: justify;\">Biyoenerji kullan\u0131m\u0131 \u201cgeleneksel\u201d ve \u201cmodern\u201d olmak \u00fczere iki ana kategoriye ayr\u0131l\u0131r. Geleneksel kullan\u0131m, odun, hayvan at\u0131\u011f\u0131 ve geleneksel k\u00f6m\u00fcr gibi formlardaki biyok\u00fctlenin yanmas\u0131n\u0131 ifade eder.\u00a0Modern biyoenerji teknolojileri, bagasse ve di\u011fer bitkilerden \u00fcretilen s\u0131v\u0131 biyo-yak\u0131tlar\u0131;\u00a0biyo-rafinerileri,\u00a0kal\u0131nt\u0131lar\u0131n anaerobik sindirimi yoluyla \u00fcretilen biyogaz,\u00a0odun pelet \u0131s\u0131tma sistemleri\u00a0ve di\u011fer teknolojilerdir.<\/p>\n<p style=\"text-align: justify;\">Enerjinin \u00e7evresel kirlili\u011fe yol a\u00e7madan s\u00fcrd\u00fcr\u00fclebilir olarak sa\u011flanabilmesi i\u00e7in kullan\u0131lacak kaynaklar aras\u0131nda biyok\u00fctle enerjisi vard\u0131r. Biyok\u00fctle enerjisi t\u00fckenmez bir kaynak olmas\u0131, her yerde elde edilebilmesi, \u00f6zellikle k\u0131rsal alanlar i\u00e7in sosyo-ekonomik geli\u015fmelere yard\u0131mc\u0131 olmas\u0131 nedeniyle uygun ve \u00f6nemli bir enerji kayna\u011f\u0131 olarak g\u00f6r\u00fcl\u00fcyor.<\/p>\n<p><img loading=\"lazy\" src=\"https:\/\/yenader.org\/wp-content\/uploads\/2020\/07\/bk_1.png\" alt=\"\" width=\"300\" height=\"200\" data-id=\"10601\" \/><\/p>\n<p><b><u>D\u00dcNYADA B\u0130YOK\u00dcTLE ENERJ\u0130S\u0130<\/u><\/b><\/p>\n<p>D\u00fcnyadaki yenilenebilir enerji kullan\u0131m\u0131n\u0131n yakla\u015f\u0131k d\u00f6rtte \u00fc\u00e7\u00fc biyoenerjiyi i\u00e7erir, bunun yar\u0131s\u0131ndan fazlas\u0131 geleneksel biyok\u00fctle kullan\u0131m\u0131ndan olu\u015fur.\u00a0Biyoenerji, 2015 y\u0131l\u0131nda toplam nihai enerji t\u00fcketiminin yakla\u015f\u0131k% 10&#8217;unu ve k\u00fcresel enerji \u00fcretiminin% 1,4&#8217;\u00fcn\u00fc olu\u015fturdu. \u00a0Biyok\u00fctle, Brezilya, Hindistan ve \u00c7in gibi artan talebe sahip kalabal\u0131k \u00fclkelerde enerji arz\u0131n\u0131 art\u0131rma konusunda \u00f6nemli bir potansiyele sahiptir.\u00a0Is\u0131tma veya elektrik \u00fcretimi i\u00e7in do\u011frudan yak\u0131labilir veya ya\u011f, gaz ikamelerine d\u00f6n\u00fc\u015ft\u00fcr\u00fclebilir.\u00a0Akaryak\u0131t sekt\u00f6r\u00fcnde \u00e7o\u011funlukla benzin i\u00e7in uygun bir yenilenebilir ikame maddesi olan s\u0131v\u0131 biyoyak\u0131tlar kullan\u0131l\u0131r. Brezilya s\u0131v\u0131 biyo-yak\u0131tlarda liderdir. \u00c7o\u011funlukla m\u0131s\u0131r, \u015feker kam\u0131\u015f\u0131 ve tatl\u0131 sorgum gibi \u015feker ya da ni\u015fasta \u00fcr\u00fcnlerindeki karbonhidratlar\u0131n fermantasyonundan elde edilen bir alkol olan biyoetanolle \u00e7al\u0131\u015fan en b\u00fcy\u00fck esnek yak\u0131tl\u0131 ara\u00e7 filosuna sahiptir.<\/p>\n<p><img loading=\"lazy\" src=\"https:\/\/yenader.org\/wp-content\/uploads\/2020\/07\/bk_2.png\" alt=\"\" width=\"300\" height=\"257\" data-id=\"10602\" \/><\/p>\n<p style=\"margin: 0cm 0cm 0.0001pt; line-height: 18pt; background-image: initial; background-position: initial; background-size: initial; background-repeat: initial; background-attachment: initial; background-origin: initial; background-clip: initial;\"><b><u>NEDEN \u00d6NEML\u0130D\u0130R?<\/u><\/b><\/p>\n<p style=\"text-align: justify;\">Fosil yak\u0131t kaynaklar\u0131 kullanarak yap\u0131lan enerji \u00fcretiminin \u00e7evreye zarar verdi\u011fi bir ger\u00e7ek. K\u00fcresel \u00e7evre sorunlar\u0131 do\u011frudan do\u011fruya t\u00fcketilen enerjiye, y\u00fcksek oranda k\u00fck\u00fcrt ve di\u011fer zararl\u0131 maddeleri i\u00e7eren fosil yak\u0131t kullan\u0131m\u0131na ba\u011fl\u0131d\u0131r.\u00a0Biyok\u00fctleden enerjisinin elde edilmesi i\u00e7in, daha \u00e7ok tar\u0131m i\u015f\u00e7ili\u011fine gerek duyuldu\u011fundan, biyoenerji konusu, \u00f6zellikle k\u0131rsal kesimde i\u015f alanlar\u0131 yaratma a\u00e7\u0131s\u0131ndan ideal bir se\u00e7enektir. Geli\u015fmekte olan \u00fclkelerin kar\u015f\u0131la\u015ft\u0131\u011f\u0131 en b\u00fcy\u00fck sorunlardan biri olan k\u0131rsal kesimden b\u00fcy\u00fck \u015fehirlere g\u00f6\u00e7 olay\u0131n\u0131 da bu \u015fekilde \u00f6nlemek m\u00fcmk\u00fcn olabilir. Biyok\u00fctle; olduk\u00e7a \u00e7orak alanlarda yeti\u015fmesi, daha \u00f6nce yararlan\u0131lamayan topraklar\u0131n kullan\u0131lmas\u0131 ve k\u0131rsal alanlar\u0131n yeti\u015ftiricilik a\u00e7\u0131s\u0131ndan de\u011ferlendirilmesi a\u00e7\u0131s\u0131ndan b\u00fcy\u00fck \u00f6nem ta\u015f\u0131r.\u00a0Biyok\u00fctle enerjisi \u00e7evre dostu ve yenilenebilir bir enerji kayna\u011f\u0131d\u0131r. Sera etkisi ve \u00e7evre kirlili\u011fi olu\u015fturmaz, asit ya\u011fmurlar\u0131na neden olmaz. Hemen her yerde yeti\u015ftirilebilmesi, depolanabilir ve her \u00f6l\u00e7ekte enerji verimi i\u00e7in uygun olmas\u0131, tercih edilmesindeki en b\u00fcy\u00fck etkenler aras\u0131ndad\u0131r.<\/p>\n<p><img loading=\"lazy\" src=\"https:\/\/yenader.org\/wp-content\/uploads\/2020\/07\/bk_3.png\" sizes=\"(max-width: 300px) 100vw, 300px\" srcset=\"https:\/\/yenader.org\/wp-content\/uploads\/2020\/07\/bk_3.png 300w, https:\/\/yenader.org\/wp-content\/uploads\/2020\/07\/bk_3-150x150.png 150w\" alt=\"\" width=\"300\" height=\"299\" data-id=\"10603\" \/><\/p>\n<p><b><u>T\u00dcRK\u0130YE\u2019DE B\u0130YOK\u00dcTLE ENERJ\u0130S\u0130<\/u><\/b><\/p>\n<p style=\"text-align: justify;\">T\u00fcrkiye\u2019nin y\u0131ll\u0131k 117 milyar ton civar\u0131nda biyok\u00fctle potansiyeli bulunmaktad\u0131r. Bu de\u011fer y\u0131ll\u0131k 32 Mtep\u2019dir. Bu potansiyel i\u00e7inde en b\u00fcy\u00fck pay y\u0131ll\u0131k bitkilere aittir (14,5 Mtep). Bitkileri takiben orman at\u0131klar\u0131 (5,4 Mtep), \u00e7ok y\u0131ll\u0131k bitkiler (4,1 Mtep) gelir. T\u00fcrkiye\u2019nin hayvansal at\u0131k potansiyeline kar\u015f\u0131l\u0131k gelen biyogaz miktar\u0131n\u0131n 1,5-2 Mtep oldu\u011fu tahmin ediliyor.<\/p>\n<p style=\"text-align: justify;\">Biyok\u00fctle, bir yenilenebilir enerji olarak T\u00fcrkiye\u2019de b\u00fcy\u00fck bir potansiyele sahip. T\u00fcrkiye\u2019nin biyok\u00fctle kaynaklar\u0131; tar\u0131m, orman, organik \u015fehir at\u0131klar\u0131, hayvansal at\u0131klardan olu\u015fur. Bir tar\u0131m \u00fclkesi olan T\u00fcrkiye, tar\u0131msal at\u0131k ve \u00fcr\u00fcn at\u0131klar\u0131 a\u00e7\u0131s\u0131ndan olduk\u00e7a fazla kayna\u011fa sahiptir. T\u00fcrkiye, \u00fcr\u00fcn at\u0131klar\u0131ndan hesaplanan toplam enerji potansiyelinde 9,5 milyon ton petrol e\u015f de\u011feriyle ciddi bir potansiyele sahiptir.<\/p>\n<p style=\"text-align: justify;\">T\u00fcrkiye&#8217;de hububat bitkilerinin kat\u0131 at\u0131k miktar\u0131 39,2-52,3 milyon ton, m\u0131s\u0131r art\u0131klar\u0131 3,8-4,8 milyon ton, \u015feker pancar\u0131 1,3-1,5 milyon ton ve pamuk 522-617 bin ton olarak tahmin ediliyor. T\u00fcrkiye\u2019deki toplam tar\u0131msal kat\u0131 at\u0131k miktar\u0131 40-53 milyon ton olup bunun y\u0131ll\u0131k enerji e\u015f de\u011feri 50-65 milyon ton petrold\u00fcr. Bu potansiyel, \u00e7e\u015fitli bi\u00e7imlerde i\u015flenerek biyok\u00fctle yak\u0131t olarak kullan\u0131labilir.<\/p>\n<p style=\"text-align: justify;\">T\u00fcrkiye\u2019nin, 23,7 milyon hektar tar\u0131msal ekilebilir arazi ile zengin bir tar\u0131msal potansiyeli var. Bu arazilerin 18,11 milyon hektar\u0131 ekili ve kalan k\u0131s\u0131m nadasa ait. T\u00fcrkiye\u2019nin var olan bu y\u00fcksek tar\u0131m potansiyeli biyok\u00fctleden enerji \u00fcretimini m\u00fcmk\u00fcn k\u0131l\u0131yor. Ayr\u0131ca enerji pazar\u0131ndaki k\u00fcresel de\u011fi\u015fiklikler, biyoenerji ve yenilebilir enerji i\u00e7in yeni \u015fanslar ortaya \u00e7\u0131kar\u0131yor. Yenilenebilir enerji, enerji talebi artt\u0131k\u00e7a ve fosil yak\u0131tlar azald\u0131k\u00e7a temiz bir yol haline gelip b\u00fcy\u00fcmeye devam ediyor.<\/p>\n<p><b>B\u0130YOK\u00dcTLE\u2019DE DO\u011eRU B\u0130L\u0130NEN YANLI\u015eLAR<\/b><\/p>\n<p style=\"text-align: justify; line-height: normal; background-image: initial; background-position: initial; background-size: initial; background-repeat: initial; background-attachment: initial; background-origin: initial; background-clip: initial;\"><b>YANLI\u015e-1: \u201cB\u0130YOK\u00dcTLE ENERJ\u0130S\u0130 DO\u011eAYA ZARAR VER\u0130R.\u201d<\/b><\/p>\n<p style=\"text-align: justify;\">Biyok\u00fctle enerjisinin kayna\u011f\u0131 do\u011fal malzemelerdir. \u00d6rne\u011fin bitki at\u0131klar\u0131, tar\u0131m \u00fcr\u00fcnlerinin at\u0131klar\u0131 bu enerji i\u00e7in iyi malzemelerdir. Bunun d\u0131\u015f\u0131nda odun, hayvan g\u00fcbresi ve evsel at\u0131klar yani \u00e7\u00f6pler biyok\u00fctle enerjisinin kayna\u011f\u0131 olabilir. \u00d6zellikle evsel at\u0131klar\u0131n yani \u00e7\u00f6plerin bu \u015fekilde d\u00f6n\u00fc\u015ft\u00fcr\u00fcl\u00fcp kullan\u0131lmas\u0131, \u00e7evreye zarar vermez.<\/p>\n<p style=\"text-align: justify; line-height: normal; background-image: initial; background-position: initial; background-size: initial; background-repeat: initial; background-attachment: initial; background-origin: initial; background-clip: initial;\"><b>YANLI\u015e-2: \u201cB\u0130YOK\u00dcTLE ENERJ\u0130S\u0130 HAVAYI K\u0130RLET\u0130R.\u201d<\/b><\/p>\n<p style=\"text-align: justify;\">Biyok\u00fctle enerjisi \u00fcretiminde do\u011fal at\u0131klar yak\u0131lmak sureti ile enerjiye d\u00f6n\u00fc\u015ft\u00fcr\u00fcl\u00fcr. Yakma i\u015flemi s\u0131ras\u0131nda a\u00e7\u0131\u011fa \u00e7\u0131kacak duman\u0131n havay\u0131 solunmaz bir hale getirece\u011finden yana endi\u015feler mevcut. Fakat bu malzemelerin yak\u0131lmas\u0131 esnas\u0131nda insan ve \u00e7evre sa\u011fl\u0131\u011f\u0131 y\u00f6n\u00fcnden hi\u00e7bir zararl\u0131 at\u0131k a\u00e7\u0131\u011fa \u00e7\u0131kmaz. Yak\u0131lan \u00fcr\u00fcnler, kimyasal maddeler de\u011fildir.<\/p>\n<p style=\"text-align: justify; line-height: normal; background-image: initial; background-position: initial; background-size: initial; background-repeat: initial; background-attachment: initial; background-origin: initial; background-clip: initial;\"><b>YANLI\u015e-3 \u201c<\/b><b>B\u0130YOK\u00dcTLE ENERJ\u0130S\u0130 TARIM ARAZ\u0130LER\u0130NE ZARAR VER\u0130R.\u201d<\/b><\/p>\n<p style=\"text-align: justify;\">Biyok\u00fctle enerjisi, tar\u0131m arazilerini ve suyu da kirletmez. Biyok\u00fctle enerjisi santralinin bulundu\u011fu b\u00f6lgelerde rahatl\u0131kla tar\u0131m yap\u0131labilir. \u00dcstelik tar\u0131m \u00fcr\u00fcnlerinden elde edilen at\u0131klar, bu enerjinin kayna\u011f\u0131 olarak kullan\u0131labilir. Bu b\u00f6lgelerde ya\u015fayanlar, tar\u0131m \u00fcr\u00fcnlerinin at\u0131klar\u0131ndan dahi kar elde edebilir.<\/p>\n<p style=\"text-align: justify;\"><b>YANLI\u015e-4 \u201c<\/b><b>B\u0130YOK\u00dcTLE ENERJ\u0130S\u0130N\u0130N MAL\u0130YET\u0130 Y\u00dcKSEKT\u0130R.\u201d<\/b><\/p>\n<p style=\"text-align: justify;\">D\u00fcnya Enerji Konseyi WEC\u2019ye g\u00f6re biyok\u00fctlenin ve \u00e7\u00f6pl\u00fcklerde \u00e7\u00f6z\u00fclen organik maddelerden olu\u015fan metan gaz\u0131n\u0131n toplanarak yak\u0131lmas\u0131 finansal a\u00e7\u0131dan en ucuz alternatif enerji kaynaklar\u0131 aras\u0131nda yer almaktad\u0131r.<\/p>\n<p style=\"text-align: justify;\"><b>YANLI\u015e-5 \u201cB\u0130YOK\u00dcTLE ENERJ\u0130S\u0130 KES\u0130NT\u0130S\u0130Z B\u0130R KAYNAK DE\u011e\u0130LD\u0130R.\u201d<\/b><\/p>\n<p style=\"text-align: justify;\">Biyok\u00fctle kaynaklar\u0131n\u0131, karalardan denizlere kadar hemen her yerde bulmak m\u00fcmk\u00fcn. Do\u011fada var olan ormanlar, hayvan d\u0131\u015fk\u0131lar\u0131 ve bitki at\u0131klar\u0131 y\u0131llard\u0131r \u00f6zellikle geli\u015fmekte olan \u00fclkeler taraf\u0131ndan kullan\u0131lan temel biyok\u00fctle kaynaklar\u0131d\u0131r.<\/p>\n<p>[\/vc_column_text][\/vc_column][\/vc_row]<\/p>\n","protected":false},"excerpt":{"rendered":"<p>[vc_row][vc_column][vc_column_text] Biyok\u00fctle Enerjisi Nedir? Biyoenerji kullan\u0131m\u0131 \u201cgeleneksel\u201d ve \u201cmodern\u201d olmak \u00fczere iki ana kategoriye ayr\u0131l\u0131r. Geleneksel kullan\u0131m, odun, hayvan at\u0131\u011f\u0131 ve geleneksel k\u00f6m\u00fcr gibi formlardaki biyok\u00fctlenin yanmas\u0131n\u0131 ifade eder.\u00a0Modern biyoenerji teknolojileri, bagasse ve di\u011fer bitkilerden \u00fcretilen s\u0131v\u0131 biyo-yak\u0131tlar\u0131;\u00a0biyo-rafinerileri,\u00a0kal\u0131nt\u0131lar\u0131n anaerobik sindirimi yoluyla \u00fcretilen biyogaz,\u00a0odun pelet \u0131s\u0131tma sistemleri\u00a0ve di\u011fer teknolojilerdir. Enerjinin \u00e7evresel kirlili\u011fe yol a\u00e7madan s\u00fcrd\u00fcr\u00fclebilir olarak [&hellip;]<\/p>\n","protected":false},"author":2,"featured_media":0,"parent":0,"menu_order":0,"comment_status":"closed","ping_status":"closed","template":"","meta":[],"acf":[],"_links":{"self":[{"href":"https:\/\/yenader.org\/tr_tr\/wp-json\/wp\/v2\/pages\/10599"}],"collection":[{"href":"https:\/\/yenader.org\/tr_tr\/wp-json\/wp\/v2\/pages"}],"about":[{"href":"https:\/\/yenader.org\/tr_tr\/wp-json\/wp\/v2\/types\/page"}],"author":[{"embeddable":true,"href":"https:\/\/yenader.org\/tr_tr\/wp-json\/wp\/v2\/users\/2"}],"replies":[{"embeddable":true,"href":"https:\/\/yenader.org\/tr_tr\/wp-json\/wp\/v2\/comments?post=10599"}],"version-history":[{"count":14,"href":"https:\/\/yenader.org\/tr_tr\/wp-json\/wp\/v2\/pages\/10599\/revisions"}],"predecessor-version":[{"id":11436,"href":"https:\/\/yenader.org\/tr_tr\/wp-json\/wp\/v2\/pages\/10599\/revisions\/11436"}],"wp:attachment":[{"href":"https:\/\/yenader.org\/tr_tr\/wp-json\/wp\/v2\/media?parent=10599"}],"curies":[{"name":"wp","href":"https:\/\/api.w.org\/{rel}","templated":true}]}}